{"id":6326,"date":"2025-01-10T09:13:35","date_gmt":"2025-01-09T23:13:35","guid":{"rendered":"http:\/\/www.finhomes.com.au\/contact-us\/"},"modified":"2026-01-23T17:04:30","modified_gmt":"2026-01-23T07:04:30","slug":"lien-he","status":"publish","type":"page","link":"https:\/\/finhomes.com.au\/vi\/lien-he\/","title":{"rendered":"Li\u00ean h\u1ec7"},"content":{"rendered":"\t\t<div data-elementor-type=\"wp-page\" data-elementor-id=\"6326\" class=\"elementor elementor-6326 elementor-242\">\n\t\t\t\t<div class=\"elementor-element elementor-element-767760a e-flex e-con-boxed e-con e-parent\" data-id=\"767760a\" data-element_type=\"container\">\n\t\t\t\t\t<div class=\"e-con-inner\">\n\t\t\t\t<div class=\"elementor-element elementor-element-c12e0f2 elementor-widget elementor-widget-loanlift_title\" data-id=\"c12e0f2\" data-element_type=\"widget\" data-widget_type=\"loanlift_title.default\">\n\t\t\t\t<div class=\"elementor-widget-container\">\n\t\t\t\t\t        <div class=\"heading-box text-center>\">\r\n                        <span class=\"heading-subtitle wow fadeInUp animated animated\">\ud83e\udd1d LI\u00caN H\u1ec6 <\/span>\r\n                        <h2 class=\"heading-title wow fadeInUp animated animated\">C\u00e1c khu v\u1ef1c ngo\u1ea1i \u00f4 ch\u00ednh c\u1ee7a ch\u00fang t\u00f4i<\/h2>\r\n                    <\/div>\r\n\t\t\t\t\t<\/div>\n\t\t\t\t<\/div>\n\t\t<div class=\"elementor-element elementor-element-80ff391 e-con-full e-flex e-con e-child\" data-id=\"80ff391\" data-element_type=\"container\">\n\t\t<div class=\"elementor-element elementor-element-bfeb05a e-con-full e-flex e-con e-child\" data-id=\"bfeb05a\" data-element_type=\"container\">\n\t\t\t\t<div class=\"elementor-element elementor-element-e19a2a3 elementor-widget elementor-widget-loanlift_contact_box\" data-id=\"e19a2a3\" data-element_type=\"widget\" data-widget_type=\"loanlift_contact_box.default\">\n\t\t\t\t<div class=\"elementor-widget-container\">\n\t\t\t\t\t    <div class=\"row gutter-y-30\">\r\n                <div class=\"col-md-6\">\r\n            <div class=\"contact-location\">\r\n                                <h5>Springfield<\/h5>\r\n            <\/div>\r\n            <p>1 \u0110\u01b0\u1eddng Main, Trung t\u00e2m Springfield, QLD 4300<\/p>\r\n        <\/div>\r\n                <div class=\"col-md-6\">\r\n            <div class=\"contact-location\">\r\n                                <h5>Springfield Lakes<\/h5>\r\n            <\/div>\r\n            <p>31 Springfield Lakes Blvd, Springfield Lakes, QLD 4300<\/p>\r\n        <\/div>\r\n                <div class=\"col-md-6\">\r\n            <div class=\"contact-location\">\r\n                                <h5>Brookwater<\/h5>\r\n            <\/div>\r\n            <p>5\/22 Magnolia Dr, Brookwater QLD 4300<\/p>\r\n        <\/div>\r\n                <div class=\"col-md-6\">\r\n            <div class=\"contact-location\">\r\n                                <h5>Inala<\/h5>\r\n            <\/div>\r\n            <p>156 Inala Ave, Inala QLD 4077<\/p>\r\n        <\/div>\r\n            <\/div>\r\n\t\t\t\t<\/div>\n\t\t\t\t<\/div>\n\t\t\t\t<\/div>\n\t\t<div class=\"elementor-element elementor-element-472adcf e-con-full e-flex e-con e-child\" data-id=\"472adcf\" data-element_type=\"container\">\n\t\t\t\t<div class=\"elementor-element elementor-element-a20fbe1 elementor-widget elementor-widget-loanlift_image\" data-id=\"a20fbe1\" data-element_type=\"widget\" data-widget_type=\"loanlift_image.default\">\n\t\t\t\t<div class=\"elementor-widget-container\">\n\t\t\t\t\t    <img decoding=\"async\" src=\"http:\/\/www.finhomes.com.au\/wp-content\/uploads\/2025\/12\/screenshot-e1766059351127.png\" alt=\"process-image\">\r\n\t\t\t\t<\/div>\n\t\t\t\t<\/div>\n\t\t\t\t<\/div>\n\t\t\t\t<\/div>\n\t\t\t\t\t<\/div>\n\t\t\t\t<\/div>\n\t\t<div class=\"elementor-element elementor-element-3714474 e-flex e-con-boxed e-con e-parent\" data-id=\"3714474\" data-element_type=\"container\">\n\t\t\t\t\t<div class=\"e-con-inner\">\n\t\t<div class=\"elementor-element elementor-element-ef3574d e-con-full e-flex e-con e-child\" data-id=\"ef3574d\" data-element_type=\"container\">\n\t\t<div class=\"elementor-element elementor-element-9a11785 e-con-full e-flex e-con e-child\" data-id=\"9a11785\" data-element_type=\"container\">\n\t\t\t\t<div class=\"elementor-element elementor-element-ce25cfd elementor-widget elementor-widget-shortcode\" data-id=\"ce25cfd\" data-element_type=\"widget\" data-widget_type=\"shortcode.default\">\n\t\t\t\t\t\t\t<div class=\"elementor-shortcode\">\n<div class=\"wpcf7 no-js\" id=\"wpcf7-f6337-o1\" lang=\"vi\" dir=\"ltr\" data-wpcf7-id=\"6337\">\n<div class=\"screen-reader-response\"><p role=\"status\" aria-live=\"polite\" aria-atomic=\"true\"><\/p> <ul><\/ul><\/div>\n<form action=\"\/vi\/wp-json\/wp\/v2\/pages\/6326#wpcf7-f6337-o1\" method=\"post\" class=\"wpcf7-form init\" aria-label=\"Form li\u00ean h\u1ec7\" novalidate=\"novalidate\" data-status=\"init\">\n<fieldset class=\"hidden-fields-container\"><input type=\"hidden\" name=\"_wpcf7\" value=\"6337\" \/><input type=\"hidden\" name=\"_wpcf7_version\" value=\"6.1.3\" \/><input type=\"hidden\" name=\"_wpcf7_locale\" value=\"vi\" \/><input type=\"hidden\" name=\"_wpcf7_unit_tag\" value=\"wpcf7-f6337-o1\" \/><input type=\"hidden\" name=\"_wpcf7_container_post\" value=\"0\" \/><input type=\"hidden\" name=\"_wpcf7_posted_data_hash\" value=\"\" \/><input type=\"hidden\" name=\"_extcf7_conditional_options\" value=\"{&quot;form_id&quot;:6337,&quot;conditions&quot;:[]}\" \/><input type=\"hidden\" name=\"_extcf7_redirect_options\" value=\"{&quot;form_id&quot;:6337,&quot;redirect_options&quot;:{&quot;redirection_enable&quot;:&quot;off&quot;,&quot;custom_url_enable&quot;:&quot;off&quot;,&quot;redirect_page&quot;:&quot;&quot;,&quot;custom_urle&quot;:&quot;&quot;,&quot;redirect_new_tab&quot;:&quot;off&quot;,&quot;js_action&quot;:&quot;off&quot;,&quot;javascript_code&quot;:&quot;&quot;}}\" \/><input type=\"hidden\" name=\"_wpcf7_recaptcha_response\" value=\"\" \/>\n<\/fieldset>\n<div class=\"contact-form-inner\">\n\t<div class=\"inquiry-form-group-one\">\n\t\t<p><label><i class=\"fa-solid fa-user\"><\/i><\/label><br \/>\n<span class=\"wpcf7-form-control-wrap\" data-name=\"your-name\"><input size=\"40\" maxlength=\"400\" class=\"wpcf7-form-control wpcf7-text wpcf7-validates-as-required form-control\" aria-required=\"true\" aria-invalid=\"false\" placeholder=\"T\u00ean c\u1ee7a b\u1ea1n\" value=\"\" type=\"text\" name=\"your-name\" \/><\/span>\n\t\t<\/p>\n\t<\/div>\n\t<div class=\"inquiry-form-group-one\">\n\t\t<p><label><i class=\"fa-solid fa-phone\"><\/i><\/label><br \/>\n<span class=\"wpcf7-form-control-wrap\" data-name=\"your-phone\"><input size=\"40\" maxlength=\"400\" class=\"wpcf7-form-control wpcf7-tel wpcf7-validates-as-required wpcf7-text wpcf7-validates-as-tel form-control\" aria-required=\"true\" aria-invalid=\"false\" placeholder=\"S\u1ed1 \u0111i\u1ec7n tho\u1ea1i c\u1ee7a b\u1ea1n\" value=\"\" type=\"tel\" name=\"your-phone\" \/><\/span>\n\t\t<\/p>\n\t<\/div>\n\t<div class=\"inquiry-form-group-one\">\n\t\t<p><label><i class=\"fa-regular fa-envelope\"><\/i><\/label><br \/>\n<span class=\"wpcf7-form-control-wrap\" data-name=\"your-mail\"><input size=\"40\" maxlength=\"400\" class=\"wpcf7-form-control wpcf7-email wpcf7-validates-as-required wpcf7-text wpcf7-validates-as-email form-control\" aria-required=\"true\" aria-invalid=\"false\" placeholder=\"Email c\u1ee7a b\u1ea1n\" value=\"\" type=\"email\" name=\"your-mail\" \/><\/span>\n\t\t<\/p>\n\t<\/div>\n\t<div class=\"form-group\">\n\t\t<p><label><i class=\"fa-solid fa-layer-group\"><\/i><\/label><br \/>\n<span class=\"wpcf7-form-control-wrap\" data-name=\"your-loan\"><select class=\"wpcf7-form-control wpcf7-select\" aria-invalid=\"false\" name=\"your-loan\"><option value=\"M\u1ee5c \u0111\u00edch c\u1ee7a kho\u1ea3n vay\">M\u1ee5c \u0111\u00edch c\u1ee7a kho\u1ea3n vay<\/option><option value=\"Mua nh\u00e0 - \u0110\u1ec3 mua ng\u00f4i nh\u00e0 m\u01a1 \u01b0\u1edbc ho\u1eb7c b\u1ea5t \u0111\u1ed9ng s\u1ea3n \u0111\u1ea7u t\u01b0 c\u1ee7a b\u1ea1n\">Mua nh\u00e0 - \u0110\u1ec3 mua ng\u00f4i nh\u00e0 m\u01a1 \u01b0\u1edbc ho\u1eb7c b\u1ea5t \u0111\u1ed9ng s\u1ea3n \u0111\u1ea7u t\u01b0 c\u1ee7a b\u1ea1n<\/option><option value=\"Gi\u1ea3m l\u00e3i su\u1ea5t, gi\u1ea3m s\u1ed1 ti\u1ec1n thanh to\u00e1n h\u00e0ng th\u00e1ng ho\u1eb7c ti\u1ebfp c\u1eadn v\u1ed1n ch\u1ee7 s\u1edf h\u1eefu.\">Gi\u1ea3m l\u00e3i su\u1ea5t, gi\u1ea3m s\u1ed1 ti\u1ec1n thanh to\u00e1n h\u00e0ng th\u00e1ng ho\u1eb7c ti\u1ebfp c\u1eadn v\u1ed1n ch\u1ee7 s\u1edf h\u1eefu.<\/option><option value=\"C\u1ea3i t\u1ea1o - T\u00e0i tr\u1ee3 cho vi\u1ec7c c\u1ea3i t\u1ea1o ho\u1eb7c n\u00e2ng c\u1ea5p \u0111\u1ec3 t\u0103ng gi\u00e1 tr\u1ecb b\u1ea5t \u0111\u1ed9ng s\u1ea3n c\u1ee7a b\u1ea1n.\">C\u1ea3i t\u1ea1o - T\u00e0i tr\u1ee3 cho vi\u1ec7c c\u1ea3i t\u1ea1o ho\u1eb7c n\u00e2ng c\u1ea5p \u0111\u1ec3 t\u0103ng gi\u00e1 tr\u1ecb b\u1ea5t \u0111\u1ed9ng s\u1ea3n c\u1ee7a b\u1ea1n.<\/option><option value=\"Vay t\u00edn ch\u1ea5p c\u00e1 nh\u00e2n - Gi\u1ea3i quy\u1ebft c\u00e1c nhu c\u1ea7u c\u00e1 nh\u00e2n c\u1ea5p b\u00e1ch v\u1edbi kh\u1ea3 n\u0103ng ti\u1ebfp c\u1eadn v\u1ed1n ng\u1eafn h\u1ea1n ngay l\u1eadp t\u1ee9c.\">Vay t\u00edn ch\u1ea5p c\u00e1 nh\u00e2n - Gi\u1ea3i quy\u1ebft c\u00e1c nhu c\u1ea7u c\u00e1 nh\u00e2n c\u1ea5p b\u00e1ch v\u1edbi kh\u1ea3 n\u0103ng ti\u1ebfp c\u1eadn v\u1ed1n ng\u1eafn h\u1ea1n ngay l\u1eadp t\u1ee9c.<\/option><option value=\"T\u00e0i ch\u00ednh t\u00e0i s\u1ea3n - Mua xe h\u01a1i ho\u1eb7c vay v\u1ed1n mua thi\u1ebft b\u1ecb.\">T\u00e0i ch\u00ednh t\u00e0i s\u1ea3n - Mua xe h\u01a1i ho\u1eb7c vay v\u1ed1n mua thi\u1ebft b\u1ecb.<\/option><option value=\"Vay v\u1ed1n kinh doanh\/Th\u01b0\u01a1ng m\u1ea1i - Gi\u00fap c\u1ea3i thi\u1ec7n d\u00f2ng ti\u1ec1n cho doanh nghi\u1ec7p ho\u1eb7c mua b\u1ea5t \u0111\u1ed9ng s\u1ea3n th\u01b0\u01a1ng m\u1ea1i.\">Vay v\u1ed1n kinh doanh\/Th\u01b0\u01a1ng m\u1ea1i - Gi\u00fap c\u1ea3i thi\u1ec7n d\u00f2ng ti\u1ec1n cho doanh nghi\u1ec7p ho\u1eb7c mua b\u1ea5t \u0111\u1ed9ng s\u1ea3n th\u01b0\u01a1ng m\u1ea1i.<\/option><\/select><\/span>\n\t\t<\/p>\n\t<\/div>\n\t<div class=\"inquiry-form-group-one\">\n\t\t<p><label><i class=\"fa-solid fa-message\"><\/i><\/label><br \/>\n<span class=\"wpcf7-form-control-wrap\" data-name=\"your-sms\"><textarea cols=\"40\" rows=\"10\" maxlength=\"2000\" class=\"wpcf7-form-control wpcf7-textarea form-control\" aria-invalid=\"false\" placeholder=\"L\u1eddi nh\u1eafn c\u1ee7a b\u1ea1n\" name=\"your-sms\"><\/textarea><\/span>\n\t\t<\/p>\n\t<\/div>\n\t<div class=\"form-group\">\n\t<span class=\"wpcf7-form-control-wrap recaptcha\" data-name=\"recaptcha\"><span data-sitekey=\"6LeLOCgsAAAAABz4Khcu7R23yJ6--cW5LdEO2oY_\" class=\"wpcf7-form-control wpcf7-recaptcha g-recaptcha\"><\/span>\r\n<noscript>\r\n\t<div class=\"grecaptcha-noscript\">\r\n\t\t<iframe src=\"https:\/\/www.google.com\/recaptcha\/api\/fallback?k=6LeLOCgsAAAAABz4Khcu7R23yJ6--cW5LdEO2oY_\" frameborder=\"0\" scrolling=\"no\" width=\"310\" height=\"430\">\r\n\t\t<\/iframe>\r\n\t\t<textarea name=\"g-recaptcha-response\" rows=\"3\" cols=\"40\" placeholder=\"reCaptcha Response Here\">\r\n\t\t<\/textarea>\r\n\t<\/div>\r\n<\/noscript>\r\n<\/span>\n\t\t<p><button type=\"submit\" class=\"btn btn-outline-secondary\">N\u1ed9p<i class=\"flaticon-next\"><\/i><\/button>\n\t\t<\/p>\n\t<\/div>\n<\/div><div class=\"wpcf7-response-output\" aria-hidden=\"true\"><\/div>\n<\/form>\n<\/div>\n<\/div>\n\t\t\t\t\t\t<\/div>\n\t\t\t\t<\/div>\n\t\t<div class=\"elementor-element elementor-element-ca7e0f7 e-con-full e-flex e-con e-child\" data-id=\"ca7e0f7\" data-element_type=\"container\">\n\t\t\t\t<div class=\"elementor-element elementor-element-c628c80 h-full elementor-widget elementor-widget-loanlift_sidebar\" data-id=\"c628c80\" data-element_type=\"widget\" data-widget_type=\"loanlift_sidebar.default\">\n\t\t\t\t<div class=\"elementor-widget-container\">\n\t\t\t\t\t    <div class=\"contact-form-right\">\r\n        <h3>Ch\u00e0o Finhomes! \ud83d\udc4b<\/h3>\r\n                <img decoding=\"async\" src=\"http:\/\/www.finhomes.com.au\/wp-content\/uploads\/2026\/01\/welcome-sign-724689_1280.jpg\" alt=\"Contact-us-image\">\r\n                <div class=\"contact-details\">\r\n            <p>B\u1ea1n c\u00f3 th\u1eafc m\u1eafc v\u1ec1 c\u00e1c l\u1ef1a ch\u1ecdn vay v\u1ed1n? \u0110\u1ed9i ng\u0169 c\u1ee7a ch\u00fang t\u00f4i lu\u00f4n s\u1eb5n s\u00e0ng h\u1ed7 tr\u1ee3. H\u00e3y \u0111\u1eb7t l\u1ecbch h\u1eb9n v\u1edbi ch\u00fang t\u00f4i ho\u1eb7c \u0111i\u1ec1n v\u00e0o bi\u1ec3u m\u1eabu b\u00ean tr\u00e1i \u0111\u1ec3 b\u1eaft \u0111\u1ea7u.<br><br> <a href=\"https:\/\/calendly.com\/hello-finhomes\/30min?month=2025-12\" target=\"_blank\" class=\"btn btn-primary\" rel=\"noopener\">\u0110\u1eb7t ngay<i class=\"flaticon-next\"><\/i><\/a> <\/p>\r\n        <\/div>\r\n        <h4>M\u1ea1ng x\u00e3 h\u1ed9i<\/h4>\r\n        <ul class=\"contact-social-media\">\r\n                        <li>\r\n                <a href=\"https:\/\/www.facebook.com\/\" target=\"_blank\" rel=\"noopener\">\r\n                    <i class=\"fab fa-facebook-f\"><\/i>\r\n                <\/a>\r\n            <\/li>\r\n                        <li>\r\n                <a href=\"https:\/\/x.com\/\" target=\"_blank\">\r\n                    <i class=\"fab fa-twitter\"><\/i>\r\n                <\/a>\r\n            <\/li>\r\n                        <li>\r\n                <a href=\"https:\/\/www.instagram.com\/\" target=\"_blank\" rel=\"noopener\">\r\n                    <i class=\"fab fa-instagram\"><\/i>\r\n                <\/a>\r\n            <\/li>\r\n                        <li>\r\n                <a href=\"https:\/\/www.linkedin.com\/\" target=\"_blank\" rel=\"noopener\">\r\n                    <i class=\"fab fa-linkedin-in\"><\/i>\r\n                <\/a>\r\n            <\/li>\r\n                    <\/ul>\r\n    <\/div>\r\n\t\t\t\t<\/div>\n\t\t\t\t<\/div>\n\t\t\t\t<\/div>\n\t\t\t\t<\/div>\n\t\t\t\t\t<\/div>\n\t\t\t\t<\/div>\n\t\t\t\t<\/div>\n\t\t","protected":false},"excerpt":{"rendered":"<p>&#8220;> \ud83e\udd1d LI\u00caN H\u1ec6 C\u00e1c khu v\u1ef1c ngo\u1ea1i \u00f4 ch\u00ednh c\u1ee7a ch\u00fang t\u00f4i Springfield 1 \u0110\u01b0\u1eddng Main, Trung t\u00e2m Springfield, QLD 4300 Springfield Lakes 31 Springfield Lakes Blvd, Springfield Lakes, QLD 4300 Brookwater 5\/22 Magnolia Dr, Brookwater QLD 4300 Inala 156 Inala Ave, Inala QLD 4077 Ch\u00e0o Finhomes! \ud83d\udc4b B\u1ea1n c\u00f3 th\u1eafc m\u1eafc v\u1ec1 c\u00e1c [&hellip;]<\/p>\n","protected":false},"author":1,"featured_media":0,"parent":0,"menu_order":0,"comment_status":"closed","ping_status":"closed","template":"page-template\/full-width.php","meta":{"_acf_changed":false,"footnotes":""},"class_list":["post-6326","page","type-page","status-publish","hentry"],"acf":[],"_links":{"self":[{"href":"https:\/\/finhomes.com.au\/vi\/wp-json\/wp\/v2\/pages\/6326","targetHints":{"allow":["GET"]}}],"collection":[{"href":"https:\/\/finhomes.com.au\/vi\/wp-json\/wp\/v2\/pages"}],"about":[{"href":"https:\/\/finhomes.com.au\/vi\/wp-json\/wp\/v2\/types\/page"}],"author":[{"embeddable":true,"href":"https:\/\/finhomes.com.au\/vi\/wp-json\/wp\/v2\/users\/1"}],"replies":[{"embeddable":true,"href":"https:\/\/finhomes.com.au\/vi\/wp-json\/wp\/v2\/comments?post=6326"}],"version-history":[{"count":8,"href":"https:\/\/finhomes.com.au\/vi\/wp-json\/wp\/v2\/pages\/6326\/revisions"}],"predecessor-version":[{"id":6336,"href":"https:\/\/finhomes.com.au\/vi\/wp-json\/wp\/v2\/pages\/6326\/revisions\/6336"}],"wp:attachment":[{"href":"https:\/\/finhomes.com.au\/vi\/wp-json\/wp\/v2\/media?parent=6326"}],"curies":[{"name":"wp","href":"https:\/\/api.w.org\/{rel}","templated":true}]}}