{"id":6339,"date":"2025-01-20T04:16:37","date_gmt":"2025-01-19T18:16:37","guid":{"rendered":"http:\/\/www.finhomes.com.au\/news\/"},"modified":"2026-01-23T17:28:33","modified_gmt":"2026-01-23T07:28:33","slug":"tin-tuc","status":"publish","type":"page","link":"https:\/\/finhomes.com.au\/vi\/tin-tuc\/","title":{"rendered":"Tin t\u1ee9c"},"content":{"rendered":"\t\t<div data-elementor-type=\"wp-page\" data-elementor-id=\"6339\" class=\"elementor elementor-6339 elementor-379\">\n\t\t\t\t<div class=\"elementor-element elementor-element-56cb9b6 blog-grid-section e-flex e-con-boxed e-con e-parent\" data-id=\"56cb9b6\" data-element_type=\"container\">\n\t\t\t\t\t<div class=\"e-con-inner\">\n\t\t<div class=\"elementor-element elementor-element-a44aafc e-con-full e-flex e-con e-child\" data-id=\"a44aafc\" data-element_type=\"container\">\n\t\t\t\t<div class=\"elementor-element elementor-element-d479c04 elementor-widget elementor-widget-loanlift_blog\" data-id=\"d479c04\" data-element_type=\"widget\" data-widget_type=\"loanlift_blog.default\">\n\t\t\t\t<div class=\"elementor-widget-container\">\n\t\t\t\t\t\n    <div class=\"row gutter-y-40\">\n\n        \n        <div class=\"col-lg-4 col-md-6\">\n\n            <div class=\"blog-block\">\n\n                <div class=\"blog-list-item-two\">\n\n                    \n                    <div class=\"blog-image\">\n\n                        <a href=\"https:\/\/finhomes.com.au\/vi\/chuyen-vien-moi-gioi-the-chap-co-the-giup-ban-nhieu-hon-ca-mot-khoan-vay-nhu-the-nao\/\">\n\n                        <img decoding=\"async\" src=\"https:\/\/finhomes.com.au\/wp-content\/uploads\/2025\/12\/How-a-Mortgage-Broker-Can-Help-You-Beyond-the-Loan.jpg\" alt=\"blog-image\"><\/a>\n\n                    <\/div>\n\n                    \n                    \t\t<div class=\"blog-item-meta\">\n            <p><a href=\"https:\/\/finhomes.com.au\/vi\/author\/adminfinhomes\/\">B\u1edfi adminfinhomes<\/a><\/p>\n            <p><a href=\"https:\/\/finhomes.com.au\/vi\/2025\/12\/15\/\" rel=\"bookmark\">L\u00fac <time class=\"entry-date published\" datetime=\"2025-12-15T03:47:06+10:00\">15 Th12 2025<\/time><\/a><\/p>\n        <\/div>\t\n\t\n                    <div class=\"blog-item-details\">\n\n                        <h5><a href=\"https:\/\/finhomes.com.au\/vi\/chuyen-vien-moi-gioi-the-chap-co-the-giup-ban-nhieu-hon-ca-mot-khoan-vay-nhu-the-nao\/\">Chuy\u00ean vi\u00ean m\u00f4i gi\u1edbi th\u1ebf ch\u1ea5p c\u00f3 th\u1ec3 gi\u00fap b\u1ea1n nhi\u1ec1u h\u01a1n c\u1ea3 m\u1ed9t kho\u1ea3n vay nh\u01b0 th\u1ebf n\u00e0o<\/a><\/h5>\n\n                        <a href=\"https:\/\/finhomes.com.au\/vi\/chuyen-vien-moi-gioi-the-chap-co-the-giup-ban-nhieu-hon-ca-mot-khoan-vay-nhu-the-nao\/\" class=\"btn-link-two\"> <i class=\"flaticon-next\"><\/i><\/a>\n\n                    <\/div>\n\n                <\/div>\n\n            <\/div>\n\n        <\/div>\n\n        \n        <div class=\"col-lg-4 col-md-6\">\n\n            <div class=\"blog-block\">\n\n                <div class=\"blog-list-item-two\">\n\n                    \n                    <div class=\"blog-image\">\n\n                        <a href=\"https:\/\/finhomes.com.au\/vi\/tan-dung-von-so-huu-de-hien-thuc-hoa-ky-nghi-mo-uoc-hoac-co-hoi-dau-tu\/\">\n\n                        <img decoding=\"async\" src=\"https:\/\/finhomes.com.au\/wp-content\/uploads\/2025\/12\/How-to-Use-Equity-to-Fund-a-Holiday-or-Investment.jpg\" alt=\"blog-image\"><\/a>\n\n                    <\/div>\n\n                    \n                    \t\t<div class=\"blog-item-meta\">\n            <p><a href=\"https:\/\/finhomes.com.au\/vi\/author\/admin\/\">B\u1edfi admin<\/a><\/p>\n            <p><a href=\"https:\/\/finhomes.com.au\/vi\/2025\/12\/15\/\" rel=\"bookmark\">L\u00fac <time class=\"entry-date published\" datetime=\"2025-12-15T03:45:36+10:00\">15 Th12 2025<\/time><\/a><\/p>\n        <\/div>\t\n\t\n                    <div class=\"blog-item-details\">\n\n                        <h5><a href=\"https:\/\/finhomes.com.au\/vi\/tan-dung-von-so-huu-de-hien-thuc-hoa-ky-nghi-mo-uoc-hoac-co-hoi-dau-tu\/\">T\u1eadn d\u1ee5ng v\u1ed1n s\u1edf h\u1eefu \u0111\u1ec3 hi\u1ec7n th\u1ef1c h\u00f3a k\u1ef3 ngh\u1ec9 m\u01a1 \u01b0\u1edbc ho\u1eb7c c\u01a1 h\u1ed9i \u0111\u1ea7u t\u01b0<\/a><\/h5>\n\n                        <a href=\"https:\/\/finhomes.com.au\/vi\/tan-dung-von-so-huu-de-hien-thuc-hoa-ky-nghi-mo-uoc-hoac-co-hoi-dau-tu\/\" class=\"btn-link-two\"> <i class=\"flaticon-next\"><\/i><\/a>\n\n                    <\/div>\n\n                <\/div>\n\n            <\/div>\n\n        <\/div>\n\n        \n        <div class=\"col-lg-4 col-md-6\">\n\n            <div class=\"blog-block\">\n\n                <div class=\"blog-list-item-two\">\n\n                    \n                    <div class=\"blog-image\">\n\n                        <a href=\"https:\/\/finhomes.com.au\/vi\/cac-ngan-hang-lon-cua-chung-ta-co-thuc-su-giong-nhau-nhu-duc\/\">\n\n                        <img decoding=\"async\" src=\"https:\/\/finhomes.com.au\/wp-content\/uploads\/2025\/01\/blog-grid-image-2.jpg\" alt=\"blog-image\"><\/a>\n\n                    <\/div>\n\n                    \n                    \t\t<div class=\"blog-item-meta\">\n            <p><a href=\"https:\/\/finhomes.com.au\/vi\/author\/admin\/\">B\u1edfi admin<\/a><\/p>\n            <p><a href=\"https:\/\/finhomes.com.au\/vi\/2025\/12\/15\/\" rel=\"bookmark\">L\u00fac <time class=\"entry-date published\" datetime=\"2025-12-15T03:34:56+10:00\">15 Th12 2025<\/time><\/a><\/p>\n        <\/div>\t\n\t\n                    <div class=\"blog-item-details\">\n\n                        <h5><a href=\"https:\/\/finhomes.com.au\/vi\/cac-ngan-hang-lon-cua-chung-ta-co-thuc-su-giong-nhau-nhu-duc\/\">C\u00e1c ng\u00e2n h\u00e0ng l\u1edbn c\u1ee7a ch\u00fang ta c\u00f3 th\u1ef1c s\u1ef1 \u201cgi\u1ed1ng nhau nh\u01b0 \u0111\u00fac\u201d?<\/a><\/h5>\n\n                        <a href=\"https:\/\/finhomes.com.au\/vi\/cac-ngan-hang-lon-cua-chung-ta-co-thuc-su-giong-nhau-nhu-duc\/\" class=\"btn-link-two\"> <i class=\"flaticon-next\"><\/i><\/a>\n\n                    <\/div>\n\n                <\/div>\n\n            <\/div>\n\n        <\/div>\n\n        \n    <\/div>\n\n\t\t\t\t<\/div>\n\t\t\t\t<\/div>\n\t\t\t\t<\/div>\n\t\t\t\t\t<\/div>\n\t\t\t\t<\/div>\n\t\t<div class=\"elementor-element elementor-element-62e82da e-con-full e-flex e-con e-parent\" data-id=\"62e82da\" data-element_type=\"container\" data-settings=\"{&quot;background_background&quot;:&quot;classic&quot;}\">\n\t\t<div class=\"elementor-element elementor-element-5a7e6c2 e-flex e-con-boxed e-con e-child\" data-id=\"5a7e6c2\" data-element_type=\"container\">\n\t\t\t\t\t<div class=\"e-con-inner\">\n\t\t\t\t<div class=\"elementor-element elementor-element-2308823 elementor-widget elementor-widget-loanlift_cta\" data-id=\"2308823\" data-element_type=\"widget\" data-widget_type=\"loanlift_cta.default\">\n\t\t\t\t<div class=\"elementor-widget-container\">\n\t\t\t\t\t    <div class=\"row justify-content-between align-items-center\">\n        <div class=\"col-xl-8 col-md-9 col-sm-9 col-9\">\n            <div class=\"cta-title\">\n                <h2>Ch\u00fang t\u00f4i x\u00e2y d\u1ef1ng l\u00f2ng tin v\u1edbi kh\u00e1ch h\u00e0ng b\u1eb1ng c\u00e1ch k\u1ebft h\u1ee3p s\u1ef1 s\u00e1ng t\u1ea1o v\u1edbi c\u00e1c gi\u1ea3i ph\u00e1p cho vay \u0111\u01b0\u1ee3c thi\u1ebft k\u1ebf ri\u00eang.<\/h2>\n            <\/div>\n            <a href=\"https:\/\/finhomes.com.au\/vi\/lien-he\/\" class=\"btn btn-secondary\">\n                Li\u00ean h\u1ec7                 <i class=\"flaticon-next\"><\/i>\n            <\/a>\n        <\/div>\n        <div class=\"col-md-3 col-sm-3 col-3\">\n            <img decoding=\"async\" src=\"http:\/\/www.finhomes.com.au\/wp-content\/uploads\/2025\/11\/logo_white-1.png\" alt=\"logo\">\n        <\/div>\n    <\/div>  \n\t\t\t\t<\/div>\n\t\t\t\t<\/div>\n\t\t\t\t\t<\/div>\n\t\t\t\t<\/div>\n\t\t\t\t<\/div>\n\t\t\t\t<\/div>\n\t\t","protected":false},"excerpt":{"rendered":"<p>Ch\u00fang t\u00f4i x\u00e2y d\u1ef1ng l\u00f2ng tin v\u1edbi kh\u00e1ch h\u00e0ng b\u1eb1ng c\u00e1ch k\u1ebft h\u1ee3p s\u1ef1 s\u00e1ng t\u1ea1o v\u1edbi c\u00e1c gi\u1ea3i ph\u00e1p cho vay \u0111\u01b0\u1ee3c thi\u1ebft k\u1ebf ri\u00eang. Li\u00ean h\u1ec7<\/p>\n","protected":false},"author":1,"featured_media":0,"parent":0,"menu_order":0,"comment_status":"closed","ping_status":"closed","template":"page-template\/full-width.php","meta":{"_acf_changed":false,"footnotes":""},"class_list":["post-6339","page","type-page","status-publish","hentry"],"acf":[],"_links":{"self":[{"href":"https:\/\/finhomes.com.au\/vi\/wp-json\/wp\/v2\/pages\/6339","targetHints":{"allow":["GET"]}}],"collection":[{"href":"https:\/\/finhomes.com.au\/vi\/wp-json\/wp\/v2\/pages"}],"about":[{"href":"https:\/\/finhomes.com.au\/vi\/wp-json\/wp\/v2\/types\/page"}],"author":[{"embeddable":true,"href":"https:\/\/finhomes.com.au\/vi\/wp-json\/wp\/v2\/users\/1"}],"replies":[{"embeddable":true,"href":"https:\/\/finhomes.com.au\/vi\/wp-json\/wp\/v2\/comments?post=6339"}],"version-history":[{"count":4,"href":"https:\/\/finhomes.com.au\/vi\/wp-json\/wp\/v2\/pages\/6339\/revisions"}],"predecessor-version":[{"id":6343,"href":"https:\/\/finhomes.com.au\/vi\/wp-json\/wp\/v2\/pages\/6339\/revisions\/6343"}],"wp:attachment":[{"href":"https:\/\/finhomes.com.au\/vi\/wp-json\/wp\/v2\/media?parent=6339"}],"curies":[{"name":"wp","href":"https:\/\/api.w.org\/{rel}","templated":true}]}}