{"id":6430,"date":"2025-02-04T04:42:18","date_gmt":"2025-02-03T18:42:18","guid":{"rendered":"http:\/\/www.finhomes.com.au\/terms-conditions\/"},"modified":"2026-01-28T13:29:45","modified_gmt":"2026-01-28T03:29:45","slug":"dieu-khoan-dieu-kien","status":"publish","type":"page","link":"https:\/\/finhomes.com.au\/vi\/dieu-khoan-dieu-kien\/","title":{"rendered":"\u0110i\u1ec1u kho\u1ea3n &#038; \u0110i\u1ec1u ki\u1ec7n"},"content":{"rendered":"\t\t<div data-elementor-type=\"wp-page\" data-elementor-id=\"6430\" class=\"elementor elementor-6430 elementor-4240\">\n\t\t\t\t<div class=\"elementor-element elementor-element-564c2e6d e-flex e-con-boxed e-con e-parent\" data-id=\"564c2e6d\" data-element_type=\"container\">\n\t\t\t\t\t<div class=\"e-con-inner\">\n\t\t\t\t<div class=\"elementor-element elementor-element-e58d6bb elementor-widget elementor-widget-loanlift_title\" data-id=\"e58d6bb\" data-element_type=\"widget\" data-widget_type=\"loanlift_title.default\">\n\t\t\t\t<div class=\"elementor-widget-container\">\n\t\t\t\t\t        <div class=\"heading-box >\">\r\n                        <span class=\"heading-subtitle wow fadeInUp animated animated\">\ud83e\udd1d \u0110i\u1ec1u kho\u1ea3n v\u00e0 \u0110i\u1ec1u ki\u1ec7n<\/span>\r\n                        <h2 class=\"heading-title wow fadeInUp animated animated\">C\u00e1c \u0111i\u1ec1u kho\u1ea3n trong Th\u1ecfa thu\u1eadn cho vay v\u00e0 H\u01b0\u1edbng d\u1eabn ch\u00ednh s\u00e1ch<\/h2>\r\n                    <\/div>\r\n\t\t\t\t\t<\/div>\n\t\t\t\t<\/div>\n\t\t\t\t<div class=\"elementor-element elementor-element-390cb99e elementor-widget elementor-widget-text-editor\" data-id=\"390cb99e\" data-element_type=\"widget\" data-widget_type=\"text-editor.default\">\n\t\t\t\t\t\t\t\t\t<h3>1. Gi\u1edbi thi\u1ec7u<\/h3>\n<p>Ch\u00e0o m\u1eebng b\u1ea1n \u0111\u1ebfn v\u1edbi trang web d\u1ecbch v\u1ee5 cho vay c\u1ee7a ch\u00fang t\u00f4i. B\u1eb1ng c\u00e1ch \u0111\u0103ng k\u00fd ho\u1eb7c s\u1eed d\u1ee5ng c\u00e1c s\u1ea3n ph\u1ea9m vay c\u1ee7a ch\u00fang t\u00f4i, b\u1ea1n \u0111\u1ed3ng \u00fd v\u1edbi c\u00e1c \u0111i\u1ec1u kho\u1ea3n v\u00e0 \u0111i\u1ec1u ki\u1ec7n sau \u0111\u00e2y. Vui l\u00f2ng \u0111\u1ecdc k\u1ef9 tr\u01b0\u1edbc khi ti\u1ebfp t\u1ee5c.<\/p>\n\n<h3>2. \u0110i\u1ec1u ki\u1ec7n vay v\u1ed1n<\/h3>\n<p>Ng\u01b0\u1eddi \u0111\u0103ng k\u00fd ph\u1ea3i \u0111\u00e1p \u1ee9ng c\u00e1c ti\u00eau ch\u00ed \u0111\u1ee7 \u0111i\u1ec1u ki\u1ec7n c\u1ee5 th\u1ec3, bao g\u1ed3m \u0111\u1ed9 tu\u1ed5i, l\u1ecbch s\u1eed t\u00edn d\u1ee5ng v\u00e0 y\u00eau c\u1ea7u v\u1ec1 thu nh\u1eadp \u0111\u1ec3 \u0111\u1ee7 \u0111i\u1ec1u ki\u1ec7n vay v\u1ed1n. C\u00e1c t\u00e0i li\u1ec7u \u0111\u1ec3 x\u00e1c minh nh\u1eefng ti\u00eau ch\u00ed n\u00e0y c\u00f3 th\u1ec3 \u0111\u01b0\u1ee3c y\u00eau c\u1ea7u.<\/p>\n\n<h3>3. \u0110\u0103ng k\u00fd v\u00e0 Ph\u00ea duy\u1ec7t kho\u1ea3n vay<\/h3>\n<p>Vi\u1ec7c n\u1ed9p \u0111\u01a1n \u0111\u0103ng k\u00fd vay kh\u00f4ng \u0111\u1ea3m b\u1ea3o s\u1ebd \u0111\u01b0\u1ee3c ph\u00ea duy\u1ec7t. T\u1ea5t c\u1ea3 c\u00e1c \u0111\u01a1n \u0111\u0103ng k\u00fd \u0111\u1ec1u ph\u1ea3i tr\u1ea3i qua qu\u00e1 tr\u00ecnh xem x\u00e9t \u0111\u1ec3 \u0111\u00e1nh gi\u00e1 kh\u1ea3 n\u0103ng t\u00edn d\u1ee5ng v\u00e0 s\u1ef1 tu\u00e2n th\u1ee7 c\u00e1c h\u01b0\u1edbng d\u1eabn cho vay.<\/p>\n\n<h3>4. \u0110i\u1ec1u kho\u1ea3n tr\u1ea3 g\u00f3p kho\u1ea3n vay<\/h3>\n<p>C\u00e1c kho\u1ea3n tr\u1ea3 g\u00f3p ph\u1ea3i \u0111\u01b0\u1ee3c th\u1ef1c hi\u1ec7n theo \u0111\u00fang th\u1eddi h\u1ea1n quy \u0111\u1ecbnh trong th\u1ecfa thu\u1eadn cho vay. Vi\u1ec7c kh\u00f4ng thanh to\u00e1n \u0111\u00fang h\u1ea1n c\u00f3 th\u1ec3 d\u1eabn \u0111\u1ebfn c\u00e1c h\u00ecnh ph\u1ea1t, ph\u00e1t sinh th\u00eam ph\u00ed l\u00e3i su\u1ea5t ho\u1eb7c c\u00e1c h\u00e0nh \u0111\u1ed9ng ph\u00e1p l\u00fd.<\/p>\n\n<h3>5. L\u00e3i su\u1ea5t v\u00e0 Ph\u00ed<\/h3>\n<p>L\u00e3i su\u1ea5t \u00e1p d\u1ee5ng v\u00e0 b\u1ea5t k\u1ef3 kho\u1ea3n ph\u00ed li\u00ean quan n\u00e0o s\u1ebd \u0111\u01b0\u1ee3c n\u00eau r\u00f5 trong th\u1ecfa thu\u1eadn cho vay. C\u00e1c m\u1ee9c l\u00e3i su\u1ea5t n\u00e0y ph\u1ee5 thu\u1ed9c v\u00e0o \u0111i\u1ec1u ki\u1ec7n th\u1ecb tr\u01b0\u1eddng v\u00e0 ch\u00ednh s\u00e1ch c\u1ee7a \u0111\u01a1n v\u1ecb cho vay.<\/p>\n\n<h3>6. T\u1ea5t to\u00e1n s\u1edbm<\/h3>\n<p>Ng\u01b0\u1eddi vay c\u00f3 th\u1ec3 t\u1ea5t to\u00e1n kho\u1ea3n vay s\u1edbm m\u00e0 kh\u00f4ng b\u1ecb ph\u1ea1t, tr\u1eeb khi c\u00f3 quy \u0111\u1ecbnh kh\u00e1c trong th\u1ecfa thu\u1eadn cho vay.<\/p>\n\n<h3>7. Vi ph\u1ea1m v\u00e0 H\u1ec7 qu\u1ea3<\/h3>\n<p>Trong tr\u01b0\u1eddng h\u1ee3p vi ph\u1ea1m ngh\u0129a v\u1ee5 thanh to\u00e1n (n\u1ee3 qu\u00e1 h\u1ea1n), b\u00ean cho vay c\u00f3 th\u1ec3 th\u1ef1c hi\u1ec7n c\u00e1c h\u00e0nh \u0111\u1ed9ng ph\u00e1p l\u00fd th\u00edch h\u1ee3p \u0111\u1ec3 thu h\u1ed3i s\u1ed1 ti\u1ec1n n\u1ee3, bao g\u1ed3m c\u1ea3 vi\u1ec7c b\u00e1o c\u00e1o cho c\u00e1c c\u01a1 quan t\u00edn d\u1ee5ng v\u00e0 thu h\u1ed3i t\u00e0i s\u1ea3n.<\/p>\n\n<h3>8. B\u1ea3o m\u1eadt d\u1eef li\u1ec7u<\/h3>\n<p>Th\u00f4ng tin c\u00e1 nh\u00e2n v\u00e0 t\u00e0i ch\u00ednh c\u1ee7a b\u1ea1n s\u1ebd \u0111\u01b0\u1ee3c thu th\u1eadp, l\u01b0u tr\u1eef v\u00e0 x\u1eed l\u00fd tu\u00e2n th\u1ee7 c\u00e1c lu\u1eadt b\u1ea3o v\u1ec7 d\u1eef li\u1ec7u hi\u1ec7n h\u00e0nh.<\/p>\n\n<h3>9. S\u1eeda \u0111\u1ed5i c\u00e1c \u0111i\u1ec1u kho\u1ea3n<\/h3>\n<p>Ch\u00fang t\u00f4i b\u1ea3o l\u01b0u quy\u1ec1n s\u1eeda \u0111\u1ed5i c\u00e1c \u0111i\u1ec1u kho\u1ea3n cho vay n\u00e0y b\u1ea5t k\u1ef3 l\u00fac n\u00e0o. C\u00e1c thay \u0111\u1ed5i s\u1ebd c\u00f3 hi\u1ec7u l\u1ef1c ngay khi \u0111\u01b0\u1ee3c \u0111\u0103ng t\u1ea3i tr\u00ean trang n\u00e0y.<\/p>\n\n<h3>10. Lu\u1eadt \u0111i\u1ec1u ch\u1ec9nh<\/h3>\n<p>C\u00e1c \u0111i\u1ec1u kho\u1ea3n v\u00e0 \u0111i\u1ec1u ki\u1ec7n cho vay n\u00e0y \u0111\u01b0\u1ee3c \u0111i\u1ec1u ch\u1ec9nh v\u00e0 gi\u1ea3i th\u00edch theo lu\u1eadt ph\u00e1p c\u1ee7a Springfield. C\u00e1c tranh ch\u1ea5p s\u1ebd \u0111\u01b0\u1ee3c gi\u1ea3i quy\u1ebft t\u1ea1i c\u00e1c t\u00f2a \u00e1n c\u00f3 th\u1ea9m quy\u1ec1n c\u1ee7a Springfield.<\/p>\n\n<h3>11. Th\u00f4ng tin li\u00ean h\u1ec7<\/h3>\n<p>N\u1ebfu b\u1ea1n c\u00f3 b\u1ea5t k\u1ef3 c\u00e2u h\u1ecfi ho\u1eb7c th\u1eafc m\u1eafc n\u00e0o li\u00ean quan \u0111\u1ebfn c\u00e1c \u0111i\u1ec1u kho\u1ea3n v\u00e0 \u0111i\u1ec1u ki\u1ec7n cho vay n\u00e0y, vui l\u00f2ng li\u00ean h\u1ec7 v\u1edbi ch\u00fang t\u00f4i t\u1ea1i \u0111\u1ecba ch\u1ec9 hello@finhomes.com.au.<\/p>\t\t\t\t\t\t\t\t<\/div>\n\t\t\t\t\t<\/div>\n\t\t\t\t<\/div>\n\t\t\t\t<\/div>\n\t\t","protected":false},"excerpt":{"rendered":"<p>&#8220;> \ud83e\udd1d \u0110i\u1ec1u kho\u1ea3n v\u00e0 \u0110i\u1ec1u ki\u1ec7n C\u00e1c \u0111i\u1ec1u kho\u1ea3n trong Th\u1ecfa thu\u1eadn cho vay v\u00e0 H\u01b0\u1edbng d\u1eabn ch\u00ednh s\u00e1ch 1. Gi\u1edbi thi\u1ec7u Ch\u00e0o m\u1eebng b\u1ea1n \u0111\u1ebfn v\u1edbi trang web d\u1ecbch v\u1ee5 cho vay c\u1ee7a ch\u00fang t\u00f4i. B\u1eb1ng c\u00e1ch \u0111\u0103ng k\u00fd ho\u1eb7c s\u1eed d\u1ee5ng c\u00e1c s\u1ea3n ph\u1ea9m vay c\u1ee7a ch\u00fang t\u00f4i, b\u1ea1n \u0111\u1ed3ng \u00fd v\u1edbi [&hellip;]<\/p>\n","protected":false},"author":1,"featured_media":0,"parent":0,"menu_order":0,"comment_status":"closed","ping_status":"closed","template":"page-template\/full-width.php","meta":{"_acf_changed":false,"footnotes":""},"class_list":["post-6430","page","type-page","status-publish","hentry"],"acf":[],"_links":{"self":[{"href":"https:\/\/finhomes.com.au\/vi\/wp-json\/wp\/v2\/pages\/6430","targetHints":{"allow":["GET"]}}],"collection":[{"href":"https:\/\/finhomes.com.au\/vi\/wp-json\/wp\/v2\/pages"}],"about":[{"href":"https:\/\/finhomes.com.au\/vi\/wp-json\/wp\/v2\/types\/page"}],"author":[{"embeddable":true,"href":"https:\/\/finhomes.com.au\/vi\/wp-json\/wp\/v2\/users\/1"}],"replies":[{"embeddable":true,"href":"https:\/\/finhomes.com.au\/vi\/wp-json\/wp\/v2\/comments?post=6430"}],"version-history":[{"count":6,"href":"https:\/\/finhomes.com.au\/vi\/wp-json\/wp\/v2\/pages\/6430\/revisions"}],"predecessor-version":[{"id":6522,"href":"https:\/\/finhomes.com.au\/vi\/wp-json\/wp\/v2\/pages\/6430\/revisions\/6522"}],"wp:attachment":[{"href":"https:\/\/finhomes.com.au\/vi\/wp-json\/wp\/v2\/media?parent=6430"}],"curies":[{"name":"wp","href":"https:\/\/api.w.org\/{rel}","templated":true}]}}